{"id":1430,"date":"2025-01-20T09:00:28","date_gmt":"2025-01-20T08:00:28","guid":{"rendered":"https:\/\/stage.matteria.si\/?page_id=1430"},"modified":"2025-02-10T17:12:03","modified_gmt":"2025-02-10T16:12:03","slug":"avis-legal-i-politiques","status":"publish","type":"page","link":"https:\/\/matteria.si\/ca\/avis-legal-i-politiques\/","title":{"rendered":"Av\u00eds legal i pol\u00edtiques"},"content":{"rendered":"<p>En aquesta p\u00e0gina trobar\u00e0s l\u2019av\u00eds legal i les pol\u00edtiques de privacitat i de cookies.<\/p>\n<h2>Av\u00eds legal<\/h2>\n<h3>Condicions d\u2019\u00fas del portal<\/h3>\n<p>Mitjan\u00e7ant aquesta p\u00e0gina web es facilita lacc\u00e9s al portal web matteria.si. El fet de connectar-se a aquesta p\u00e0gina web implica l\u2019acceptaci\u00f3 del present Av\u00eds Legal.<\/p>\n<h3>Propietat Intel\u00b7lectual<\/h3>\n<p>Tots els continguts del Portal, entenent per aquests a t\u00edtol merament enunciatiu els textos, fotografies, gr\u00e0fics, imatges, icones, tecnologia, programari, links i altres continguts, aix\u00ed com el seu disseny gr\u00e0fic i codis font s\u00f3n propietat intel\u00b7lectual de la nostra companyia, sense que puguin entendre\u2019s cedits a l\u2019Usuari cap dels drets d\u2019explotaci\u00f3 sobre aquests m\u00e9s enll\u00e0 del que sigui estrictament necessari per al correcte \u00fas del Portal.<br \/>\nAquests drets estan registrats al Registre de la Propietat Intel\u00b7lectual.<\/p>\n<h3>Propietat Industrial, protecci\u00f3 de domini<\/h3>\n<p>La marca matteria_ t\u00e9 el domini i est\u00e0 protegit davant qualsevol intenci\u00f3 maliciosa del mateix.<\/p>\n<h3>Identificaci\u00f3 de la marca<\/h3>\n<p>En compliment de l\u2019article 10 de la Llei de serveis de la Societat de la Informaci\u00f3 i Comer\u00e7 Electr\u00f2nic: matteria_ \u00e9s la marca comercial de:<br \/>\nIgnacio Ros\u00e9s Ustariz, amb DNI: 38145872X<br \/>\nBorja Rius Molina, amb DNI: 38146057N<\/p>\n<h3>Exclusi\u00f3 de responsabilitat<\/h3>\n<p>Es declina qualsevol tipus de responsabilitat per l\u2019\u00fas malici\u00f3s que pogu\u00e9s fer-se per part d\u2019un tercer en connectar-vos a la nostra web.<br \/>\nAix\u00ed mateix, no es responsabilitza del dany que es pogu\u00e9s derivar per un \u00fas incorrecte d\u2019aquesta web oa algun dels portals que apareguin com a hipervincles a la nostra web.<br \/>\nRespecte els links o hiperenlla\u00e7os declinem tota responsabilitat per aquells que remetin a la nostra p\u00e0gina web i en el cas dels que apareguin a la nostra p\u00e0gina la connexi\u00f3 ho faran a t\u00edtol informatiu.<\/p>\n<h3>Llei aplicable i jurisdicci\u00f3<\/h3>\n<p>Per a qualsevol controv\u00e8rsia relacionada amb aquest av\u00eds legal les parts accepten el sotmetiment expr\u00e9s als jutjats de Barcelona.<\/p>\n<h2>Pol\u00edtica de privacitat<\/h2>\n<p>&nbsp;<\/p>\n<h3>En relaci\u00f3 a les cookies durant la navegaci\u00f3<\/h3>\n<p>Una galeta (o galeta inform\u00e0tica) \u00e9s una petita informaci\u00f3 enviada per un lloc web i emmagatzemada al navegador de l\u2019usuari, de manera que el lloc web pot consultar l\u2019activitat pr\u00e8via de l\u2019usuari.<br \/>\n<strong>Les principals funcions s\u00f3n:<\/strong><br \/>\nPortar el control d\u2019usuaris: quan un usuari introdueix el nom d\u2019usuari i la contrasenya, s\u2019emmagatzema una galeta perqu\u00e8 no hagi d\u2019estar introduint-les per a cada p\u00e0gina del servidor. No obstant aix\u00f2, una galeta no identifica nom\u00e9s una persona, sin\u00f3 una combinaci\u00f3 de computador-navegador-usuari.<br \/>\nAconseguir informaci\u00f3 sobre els h\u00e0bits de navegaci\u00f3 de lusuari, entre altres.<br \/>\nAquest web no utilitza cookies pr\u00f2pies.<\/p>\n<p><strong>Cookies de Tercers:<\/strong><br \/>\nTIPUS DE COOKIE<br \/>\n_utma _utmb _utmc _utmz<br \/>\nEMPRESA<br \/>\nGoogle<br \/>\nFINALITAT<br \/>\nNavegaci\u00f3 de forma an\u00f2nima que permet saber qu\u00e8 es consulta i com es navega<br \/>\nINFORMACI\u00d3<br \/>\nhttp:\/\/www.google.es\/intl\/es\/analytics\/privacyoverview.html<\/p>\n<p><strong>Cookies insertades a Twitter i Youtube:<\/strong><br \/>\nhttps:\/\/twitter.com\/privacy\u2028http:\/\/www.google.com\/policies\/technologies\/types\/<\/p>\n<h3>Gestionar cookies<\/h3>\n<p>Podeu permetre, bloquejar o eliminar les cookies instal\u00b7lades al vostre equip mitjan\u00e7ant la configuraci\u00f3 de les opcions del navegador instal\u00b7lat al vostre ordinador.<br \/>\nSi no sabeu quin tipus i versi\u00f3 de navegador utilitza per accedir a internet:<br \/>\nPer a Windows: clic a \u2018Ajuda\u2019 a la part superior de la finestra del vostre navegador i seleccioneu l\u2019opci\u00f3 \u2018Sobre\u2019.<br \/>\nPer a Mac: amb la venda del navegador oberta, cliqueu al menu d\u2019Apple i seleccioneu l\u2019opci\u00f3 \u2018Sobre\u2026\u2019.<\/p>\n<p><strong>Com gestionar les cookies a Windows:<\/strong><br \/>\n1. GOOGLE CHROME<br \/>\nFeu clic al men\u00fa de Chrome Chrome situat a la barra d\u2019eines del navegador.<br \/>\nSeleccioneu \u201cConfiguraci\u00f3\u201d.<br \/>\nFes clic a \u201cMostrar opcions avan\u00e7ades\u2026\u201d<br \/>\nA la secci\u00f3 \u201cPrivadesa\u201d, fes clic al bot\u00f3 \u201cConfiguraci\u00f3 de contingut\u2026\u201d.<br \/>\nA la secci\u00f3 \u201cCookies\u201d, podeu configurar les opcions que s\u2019indiquen a continuaci\u00f3: Eliminar cookies, bloquejar o permetre les cookies per defecte, incloure excepcions de cookies de dominis o llocs web espec\u00edfics.<br \/>\nPer a m\u00e9s detalls, consulteu l\u2019ajuda de Google Chrome.<br \/>\n2. MICROSOFT INTERNET EXPLORER 7.0 I 8.0<br \/>\nFeu clic al bot\u00f3 \u201cEines\u201d i despr\u00e9s a \u201cOpcions d\u2019Internet\u201d.<br \/>\nFeu clic a la pestanya \u201cPrivadesa\u201d i, a continuaci\u00f3, moveu el control lliscant a una posici\u00f3 interm\u00e8dia entre els extrems superior i inferior, de manera que no es bloquegin ni permetin totes les cookies.<br \/>\nFeu clic a \u201cLlocs\u201d.<br \/>\nAl quadre \u201cAdre\u00e7a del lloc web\u201d, escriviu l\u2019adre\u00e7a d\u2019un lloc web i, a continuaci\u00f3, feu clic a \u201cBloqueja\u201d o \u201cPermet\u201d.<br \/>\nMentre escriviu, anireu apareixent una llista de les p\u00e0gines web que ja heu visitat. Si feu clic a un element de la llista, es mostrar\u00e0 al quadre Adre\u00e7a del lloc web.<br \/>\nEn finalitzar, feu clic a \u201cD\u2019acord\u201d.<br \/>\nTorneu a col\u00b7locar el control lliscant a la seva posici\u00f3 original i feu clic a \u201cD\u2019acord\u201d.<br \/>\nPodeu consultar l\u2019ajuda de Windows per a m\u00e9s informaci\u00f3<br \/>\n3. MOZILLA FIREFOX<br \/>\nA la part superior de la finestra del Firefox, feu clic al bot\u00f3 Firefox i seleccioneu \u201cOpcions\u201d.<br \/>\nSeleccioneu el panell \u201cPrivadesa\u201d.<br \/>\nA \u201cFirefox podr\u00e0:\u201d tria \u201cUsar una configuraci\u00f3 personalitzada per a l\u2019historial\u201d.<br \/>\nMarca l\u2019opci\u00f3 \u201cAcceptar cookies\u201d per activar-les i desmarca-la per desactivar-les.<br \/>\nSi no vols rebre galetes de tecers desmarca \u201cAcceptar galetes de tercers\u201d.<br \/>\nPodeu consultar l\u2019ajuda de Mozilla per a m\u00e9s informaci\u00f3.<br \/>\n4. SAFARI<br \/>\nFeu clic a \u201cSafari\u201d a la part superior de la finestra del vostre navegador i seleccioneu l\u2019opci\u00f3 \u201cPrefer\u00e8ncies\u201d.<br \/>\nFeu clic a \u201cPrivadesa\u201d.<br \/>\nA l\u2019apartat \u201cBloquejar cookies\u201d seleccioneu una de les opcions seg\u00fcents segons us interessi: \u201cDe publicitat i tercers\u201d, \u201cSempre\u201d, o \u201cMai\u201d.<br \/>\n5. \u00d2PERA<br \/>\nFeu clic a \u201cConfiguraci\u00f3\u201d a la part superior de la finestra del navegador i selecciona \u201cOpcions\u201d.<br \/>\nA continuaci\u00f3 seleccioneu la pestanya \u201cAvan\u00e7at\u201d ia la llista de l\u2019esquerra seleccionar \u201cCookies\u201d.<br \/>\nA continuaci\u00f3, seleccioneu \u201cAcceptar cookies\u201d.<br \/>\nDisposa de tres opcions segons la vostra prefer\u00e8ncia: \u201cAcceptar cookies\u201d,\u201dAcceptar cookies nom\u00e9s del lloc visitat\u201d i \u201cNo acceptar cookies mai\u201d.<\/p>\n<p><strong>Com gestionar les cookies a Windows:<\/strong><br \/>\n1. GOOGLE CHROME<br \/>\nFeu clic al men\u00fa de Chrome Chrome situat a la barra d\u2019eines del navegador.<br \/>\nSeleccioneu \u201cConfiguraci\u00f3\u201d.<br \/>\nFeu clic a \u201cMostrar opcions avan\u00e7ades\u2026\u201d<br \/>\nA la secci\u00f3 \u201cPrivadesa\u201d, feu clic al bot\u00f3 \u201cConfiguraci\u00f3 de contingut\u2026\u201d.<br \/>\nA la secci\u00f3 \u201cCookies\u201d, podeu configurar les opcions que s\u2019indiquen a continuaci\u00f3: Eliminar cookies, bloquejar o permetre les cookies per defecte, incloure excepcions de cookies de dominis o llocs web espec\u00edfics.<br \/>\n2. MICROSOFT INTERNET EXPLORER<br \/>\nFeu clic a \u2018Explorer\u2019 a la part superior de la finestra del vostre navegador i seleccioneu les opcions de \u2018Prefer\u00e8ncies\u2019.<br \/>\nDesplaceu-vos cap avall fins que aparegui \u2018Cookies\u2019 a Fitxers rebuts.<br \/>\nSeleccioneu l\u2019opci\u00f3 \u201cMai preguntar\u201d.<br \/>\nFeu clic a \u201cD\u2019acord\u201d.<br \/>\n3. MOZILLA FIREFOX<br \/>\nA la barra de men\u00fas, feu clic al men\u00fa Firefox i seleccioneu \u201cPrefer\u00e8ncies\u2026\u201d.<br \/>\nSeleccioneu el panell Privadesa.<br \/>\nA \u201cFirefox podr\u00e0:\u201d tria \u201cUsar una configuraci\u00f3 personalitzada per a l\u2019historial\u201d.<br \/>\nMarca l\u2019opci\u00f3 \u201cAcceptar cookies\u201d per activar-les i desmarca-la per desactivar-les.<br \/>\nSi no vol rebre galetes de teceros desmarca \u201cAcceptar galetes de tercers\u201d.<br \/>\n4. SAFARI<br \/>\nFeu clic a \u201cSafari\u201d a la part superior de la finestra del vostre navegador i seleccioneu l\u2019opci\u00f3 \u2018Prefer\u00e8ncies\u2019.<br \/>\nFeu clic a \u201cPrivadesa\u201d.<br \/>\nA l\u2019apartat \u201cBloquejar cookies\u201d seleccioneu una de les opcions seg\u00fcents segons us interessi: \u201cDe publicitat i tercers\u201d, \u201cSempre\u201d, o \u201cMai\u201d.<br \/>\n5. \u00d2PERA<br \/>\nFeu clic a \u201cOpera\u201d a la part superior de la finestra del navegador i seleccioneu \u2018Opcions\u2019.<br \/>\nA continuaci\u00f3 seleccioneu la pestanya \u201cAvan\u00e7at\u201d ia la llista de l\u2019esquerra seleccionar \u201cCookies\u201d.<br \/>\nA continuaci\u00f3, seleccioneu \u201cAcceptar cookies\u201d.<br \/>\nDisposa de tres opcions segons la vostra prefer\u00e8ncia:\u201cAcceptar cookies\u201d,\u201dAcceptar cookies nom\u00e9s del lloc visitat\u201d i \u201cNo acceptar cookies mai\u201d.<\/p>\n","protected":false},"excerpt":{"rendered":"<p>En aquesta p\u00e0gina trobar\u00e0s l\u2019av\u00eds legal i les pol\u00edtiques de privacitat i de cookies. Av\u00eds legal Condicions d\u2019\u00fas del portal Mitjan\u00e7ant aquesta p\u00e0gina web es facilita lacc\u00e9s al portal web matteria.si. El fet de connectar-se a aquesta p\u00e0gina web implica l\u2019acceptaci\u00f3 del present Av\u00eds Legal. Propietat Intel\u00b7lectual Tots els continguts del Portal, entenent per aquests [&#8230;]<\/p>\n<p><a class=\"btn btn-secondary understrap-read-more-link\" href=\"https:\/\/matteria.si\/ca\/avis-legal-i-politiques\/\">Continua llegint&#8230;<span class=\"screen-reader-text\"> from Av\u00eds legal i pol\u00edtiques<\/span><\/a><\/p>\n","protected":false},"author":1,"featured_media":0,"parent":0,"menu_order":0,"comment_status":"closed","ping_status":"closed","template":"page-templates\/legal-page.php","meta":{"_acf_changed":false,"footnotes":""},"class_list":["post-1430","page","type-page","status-publish","hentry"],"acf":[],"rankMath":{"parentDomain":"matteria.si","noFollowDomains":[],"noFollowExcludeDomains":[],"noFollowExternalLinks":false,"featuredImageNotice":"The featured image should be at least 200 by 200 pixels to be picked up by Facebook and other social media sites.","pluginReviewed":false,"postSettings":{"linkSuggestions":true,"useFocusKeyword":false},"frontEndScore":false,"postName":"avis-legal-i-politiques","permalinkFormat":"https:\/\/matteria.si\/ca\/%pagename%\/","showLockModifiedDate":true,"assessor":{"focusKeywordLink":"https:\/\/matteria.si\/wp-admin\/edit.php?focus_keyword=%focus_keyword%&post_type=%post_type%","hasTOCPlugin":false,"primaryTaxonomy":false,"serpData":{"title":"Condicions d\u2019\u00das i Pol\u00edtica de Privacitat | matteria_","description":"Consulta l\u2019av\u00eds legal, les condicions d\u2019\u00fas i la pol\u00edtica de privacitat de matteria_. Coneix com protegim les teves dades.","focusKeywords":"av\u00eds legal","pillarContent":false,"canonicalUrl":"","breadcrumbTitle":"","advancedRobots":[],"facebookTitle":"","facebookDescription":"","facebookImage":"","facebookImageID":"","facebookHasOverlay":false,"facebookImageOverlay":"","facebookAuthor":"","twitterCardType":"","twitterUseFacebook":true,"twitterTitle":"","twitterDescription":"","twitterImage":"","twitterImageID":"","twitterHasOverlay":false,"twitterImageOverlay":"","twitterPlayerUrl":"","twitterPlayerSize":"","twitterPlayerStream":"","twitterPlayerStreamCtype":"","twitterAppDescription":"","twitterAppIphoneName":"","twitterAppIphoneID":"","twitterAppIphoneUrl":"","twitterAppIpadName":"","twitterAppIpadID":"","twitterAppIpadUrl":"","twitterAppGoogleplayName":"","twitterAppGoogleplayID":"","twitterAppGoogleplayUrl":"","twitterAppCountry":"","robots":{"index":true},"twitterAuthor":"username","primaryTerm":0,"authorName":"admin","titleTemplate":"%title% %page% %sep% %sitename%","descriptionTemplate":"","showScoreFrontend":true,"lockModifiedDate":false},"powerWords":[],"diacritics":{"A":"[\\u0041\\u24B6\\uFF21\\u00C0\\u00C1\\u00C2\\u1EA6\\u1EA4\\u1EAA\\u1EA8\\u00C3\\u0100\\u0102\\u1EB0\\u1EAE\\u1EB4\\u1EB2\\u0226\\u01E0\\u00C4\\u01DE\\u1EA2\\u00C5\\u01FA\\u01CD\\u0200\\u0202\\u1EA0\\u1EAC\\u1EB6\\u1E00\\u0104\\u023A\\u2C6F]","AA":"[\\uA732]","AE":"[\\u00C6\\u01FC\\u01E2]","AO":"[\\uA734]","AU":"[\\uA736]","AV":"[\\uA738\\uA73A]","AY":"[\\uA73C]","B":"[\\u0042\\u24B7\\uFF22\\u1E02\\u1E04\\u1E06\\u0243\\u0182\\u0181]","C":"[\\u0043\\u24B8\\uFF23\\u0106\\u0108\\u010A\\u010C\\u00C7\\u1E08\\u0187\\u023B\\uA73E]","D":"[\\u0044\\u24B9\\uFF24\\u1E0A\\u010E\\u1E0C\\u1E10\\u1E12\\u1E0E\\u0110\\u018B\\u018A\\u0189\\uA779]","DZ":"[\\u01F1\\u01C4]","Dz":"[\\u01F2\\u01C5]","E":"[\\u0045\\u24BA\\uFF25\\u00C8\\u00C9\\u00CA\\u1EC0\\u1EBE\\u1EC4\\u1EC2\\u1EBC\\u0112\\u1E14\\u1E16\\u0114\\u0116\\u00CB\\u1EBA\\u011A\\u0204\\u0206\\u1EB8\\u1EC6\\u0228\\u1E1C\\u0118\\u1E18\\u1E1A\\u0190\\u018E]","F":"[\\u0046\\u24BB\\uFF26\\u1E1E\\u0191\\uA77B]","G":"[\\u0047\\u24BC\\uFF27\\u01F4\\u011C\\u1E20\\u011E\\u0120\\u01E6\\u0122\\u01E4\\u0193\\uA7A0\\uA77D\\uA77E]","H":"[\\u0048\\u24BD\\uFF28\\u0124\\u1E22\\u1E26\\u021E\\u1E24\\u1E28\\u1E2A\\u0126\\u2C67\\u2C75\\uA78D]","I":"[\\u0049\\u24BE\\uFF29\\u00CC\\u00CD\\u00CE\\u0128\\u012A\\u012C\\u0130\\u00CF\\u1E2E\\u1EC8\\u01CF\\u0208\\u020A\\u1ECA\\u012E\\u1E2C\\u0197]","J":"[\\u004A\\u24BF\\uFF2A\\u0134\\u0248]","K":"[\\u004B\\u24C0\\uFF2B\\u1E30\\u01E8\\u1E32\\u0136\\u1E34\\u0198\\u2C69\\uA740\\uA742\\uA744\\uA7A2]","L":"[\\u004C\\u24C1\\uFF2C\\u013F\\u0139\\u013D\\u1E36\\u1E38\\u013B\\u1E3C\\u1E3A\\u0141\\u023D\\u2C62\\u2C60\\uA748\\uA746\\uA780]","LJ":"[\\u01C7]","Lj":"[\\u01C8]","M":"[\\u004D\\u24C2\\uFF2D\\u1E3E\\u1E40\\u1E42\\u2C6E\\u019C]","N":"[\\u004E\\u24C3\\uFF2E\\u01F8\\u0143\\u00D1\\u1E44\\u0147\\u1E46\\u0145\\u1E4A\\u1E48\\u0220\\u019D\\uA790\\uA7A4]","NJ":"[\\u01CA]","Nj":"[\\u01CB]","O":"[\\u004F\\u24C4\\uFF2F\\u00D2\\u00D3\\u00D4\\u1ED2\\u1ED0\\u1ED6\\u1ED4\\u00D5\\u1E4C\\u022C\\u1E4E\\u014C\\u1E50\\u1E52\\u014E\\u022E\\u0230\\u00D6\\u022A\\u1ECE\\u0150\\u01D1\\u020C\\u020E\\u01A0\\u1EDC\\u1EDA\\u1EE0\\u1EDE\\u1EE2\\u1ECC\\u1ED8\\u01EA\\u01EC\\u00D8\\u01FE\\u0186\\u019F\\uA74A\\uA74C]","OI":"[\\u01A2]","OO":"[\\uA74E]","OU":"[\\u0222]","P":"[\\u0050\\u24C5\\uFF30\\u1E54\\u1E56\\u01A4\\u2C63\\uA750\\uA752\\uA754]","Q":"[\\u0051\\u24C6\\uFF31\\uA756\\uA758\\u024A]","R":"[\\u0052\\u24C7\\uFF32\\u0154\\u1E58\\u0158\\u0210\\u0212\\u1E5A\\u1E5C\\u0156\\u1E5E\\u024C\\u2C64\\uA75A\\uA7A6\\uA782]","S":"[\\u0053\\u24C8\\uFF33\\u1E9E\\u015A\\u1E64\\u015C\\u1E60\\u0160\\u1E66\\u1E62\\u1E68\\u0218\\u015E\\u2C7E\\uA7A8\\uA784]","T":"[\\u0054\\u24C9\\uFF34\\u1E6A\\u0164\\u1E6C\\u021A\\u0162\\u1E70\\u1E6E\\u0166\\u01AC\\u01AE\\u023E\\uA786]","TZ":"[\\uA728]","U":"[\\u0055\\u24CA\\uFF35\\u00D9\\u00DA\\u00DB\\u0168\\u1E78\\u016A\\u1E7A\\u016C\\u00DC\\u01DB\\u01D7\\u01D5\\u01D9\\u1EE6\\u016E\\u0170\\u01D3\\u0214\\u0216\\u01AF\\u1EEA\\u1EE8\\u1EEE\\u1EEC\\u1EF0\\u1EE4\\u1E72\\u0172\\u1E76\\u1E74\\u0244]","V":"[\\u0056\\u24CB\\uFF36\\u1E7C\\u1E7E\\u01B2\\uA75E\\u0245]","VY":"[\\uA760]","W":"[\\u0057\\u24CC\\uFF37\\u1E80\\u1E82\\u0174\\u1E86\\u1E84\\u1E88\\u2C72]","X":"[\\u0058\\u24CD\\uFF38\\u1E8A\\u1E8C]","Y":"[\\u0059\\u24CE\\uFF39\\u1EF2\\u00DD\\u0176\\u1EF8\\u0232\\u1E8E\\u0178\\u1EF6\\u1EF4\\u01B3\\u024E\\u1EFE]","Z":"[\\u005A\\u24CF\\uFF3A\\u0179\\u1E90\\u017B\\u017D\\u1E92\\u1E94\\u01B5\\u0224\\u2C7F\\u2C6B\\uA762]","a":"[\\u0061\\u24D0\\uFF41\\u1E9A\\u00E0\\u00E1\\u00E2\\u1EA7\\u1EA5\\u1EAB\\u1EA9\\u00E3\\u0101\\u0103\\u1EB1\\u1EAF\\u1EB5\\u1EB3\\u0227\\u01E1\\u00E4\\u01DF\\u1EA3\\u00E5\\u01FB\\u01CE\\u0201\\u0203\\u1EA1\\u1EAD\\u1EB7\\u1E01\\u0105\\u2C65\\u0250]","aa":"[\\uA733]","ae":"[\\u00E6\\u01FD\\u01E3]","ao":"[\\uA735]","au":"[\\uA737]","av":"[\\uA739\\uA73B]","ay":"[\\uA73D]","b":"[\\u0062\\u24D1\\uFF42\\u1E03\\u1E05\\u1E07\\u0180\\u0183\\u0253]","c":"[\\u0063\\u24D2\\uFF43\\u0107\\u0109\\u010B\\u010D\\u00E7\\u1E09\\u0188\\u023C\\uA73F\\u2184]","d":"[\\u0064\\u24D3\\uFF44\\u1E0B\\u010F\\u1E0D\\u1E11\\u1E13\\u1E0F\\u0111\\u018C\\u0256\\u0257\\uA77A]","dz":"[\\u01F3\\u01C6]","e":"[\\u0065\\u24D4\\uFF45\\u00E8\\u00E9\\u00EA\\u1EC1\\u1EBF\\u1EC5\\u1EC3\\u1EBD\\u0113\\u1E15\\u1E17\\u0115\\u0117\\u00EB\\u1EBB\\u011B\\u0205\\u0207\\u1EB9\\u1EC7\\u0229\\u1E1D\\u0119\\u1E19\\u1E1B\\u0247\\u025B\\u01DD]","f":"[\\u0066\\u24D5\\uFF46\\u1E1F\\u0192\\uA77C]","g":"[\\u0067\\u24D6\\uFF47\\u01F5\\u011D\\u1E21\\u011F\\u0121\\u01E7\\u0123\\u01E5\\u0260\\uA7A1\\u1D79\\uA77F]","h":"[\\u0068\\u24D7\\uFF48\\u0125\\u1E23\\u1E27\\u021F\\u1E25\\u1E29\\u1E2B\\u1E96\\u0127\\u2C68\\u2C76\\u0265]","hv":"[\\u0195]","i":"[\\u0069\\u24D8\\uFF49\\u00EC\\u00ED\\u00EE\\u0129\\u012B\\u012D\\u00EF\\u1E2F\\u1EC9\\u01D0\\u0209\\u020B\\u1ECB\\u012F\\u1E2D\\u0268\\u0131]","j":"[\\u006A\\u24D9\\uFF4A\\u0135\\u01F0\\u0249]","k":"[\\u006B\\u24DA\\uFF4B\\u1E31\\u01E9\\u1E33\\u0137\\u1E35\\u0199\\u2C6A\\uA741\\uA743\\uA745\\uA7A3]","l":"[\\u006C\\u24DB\\uFF4C\\u0140\\u013A\\u013E\\u1E37\\u1E39\\u013C\\u1E3D\\u1E3B\\u017F\\u0142\\u019A\\u026B\\u2C61\\uA749\\uA781\\uA747]","lj":"[\\u01C9]","m":"[\\u006D\\u24DC\\uFF4D\\u1E3F\\u1E41\\u1E43\\u0271\\u026F]","n":"[\\u006E\\u24DD\\uFF4E\\u01F9\\u0144\\u00F1\\u1E45\\u0148\\u1E47\\u0146\\u1E4B\\u1E49\\u019E\\u0272\\u0149\\uA791\\uA7A5]","nj":"[\\u01CC]","o":"[\\u006F\\u24DE\\uFF4F\\u00F2\\u00F3\\u00F4\\u1ED3\\u1ED1\\u1ED7\\u1ED5\\u00F5\\u1E4D\\u022D\\u1E4F\\u014D\\u1E51\\u1E53\\u014F\\u022F\\u0231\\u00F6\\u022B\\u1ECF\\u0151\\u01D2\\u020D\\u020F\\u01A1\\u1EDD\\u1EDB\\u1EE1\\u1EDF\\u1EE3\\u1ECD\\u1ED9\\u01EB\\u01ED\\u00F8\\u01FF\\u0254\\uA74B\\uA74D\\u0275]","oi":"[\\u01A3]","ou":"[\\u0223]","oo":"[\\uA74F]","p":"[\\u0070\\u24DF\\uFF50\\u1E55\\u1E57\\u01A5\\u1D7D\\uA751\\uA753\\uA755]","q":"[\\u0071\\u24E0\\uFF51\\u024B\\uA757\\uA759]","r":"[\\u0072\\u24E1\\uFF52\\u0155\\u1E59\\u0159\\u0211\\u0213\\u1E5B\\u1E5D\\u0157\\u1E5F\\u024D\\u027D\\uA75B\\uA7A7\\uA783]","s":"[\\u0073\\u24E2\\uFF53\\u015B\\u1E65\\u015D\\u1E61\\u0161\\u1E67\\u1E63\\u1E69\\u0219\\u015F\\u023F\\uA7A9\\uA785\\u1E9B]","ss":"[\\u00DF]","t":"[\\u0074\\u24E3\\uFF54\\u1E6B\\u1E97\\u0165\\u1E6D\\u021B\\u0163\\u1E71\\u1E6F\\u0167\\u01AD\\u0288\\u2C66\\uA787]","tz":"[\\uA729]","u":"[\\u0075\\u24E4\\uFF55\\u00F9\\u00FA\\u00FB\\u0169\\u1E79\\u016B\\u1E7B\\u016D\\u00FC\\u01DC\\u01D8\\u01D6\\u01DA\\u1EE7\\u016F\\u0171\\u01D4\\u0215\\u0217\\u01B0\\u1EEB\\u1EE9\\u1EEF\\u1EED\\u1EF1\\u1EE5\\u1E73\\u0173\\u1E77\\u1E75\\u0289]","v":"[\\u0076\\u24E5\\uFF56\\u1E7D\\u1E7F\\u028B\\uA75F\\u028C]","vy":"[\\uA761]","w":"[\\u0077\\u24E6\\uFF57\\u1E81\\u1E83\\u0175\\u1E87\\u1E85\\u1E98\\u1E89\\u2C73]","x":"[\\u0078\\u24E7\\uFF58\\u1E8B\\u1E8D]","y":"[\\u0079\\u24E8\\uFF59\\u1EF3\\u00FD\\u0177\\u1EF9\\u0233\\u1E8F\\u00FF\\u1EF7\\u1E99\\u1EF5\\u01B4\\u024F\\u1EFF]","z":"[\\u007A\\u24E9\\uFF5A\\u017A\\u1E91\\u017C\\u017E\\u1E93\\u1E95\\u01B6\\u0225\\u0240\\u2C6C\\uA763]"},"researchesTests":["contentHasTOC","contentHasShortParagraphs","contentHasAssets","keywordInTitle","keywordInMetaDescription","keywordInPermalink","keywordIn10Percent","keywordInContent","keywordInSubheadings","keywordInImageAlt","keywordDensity","keywordNotUsed","lengthContent","lengthPermalink","linksHasInternal","linksHasExternals","linksNotAllExternals","titleStartWithKeyword","titleSentiment","titleHasPowerWords","titleHasNumber","hasContentAI"],"hasRedirection":false,"hasBreadcrumb":true},"homeUrl":"https:\/\/matteria.si\/ca\/","objectID":1430,"objectType":"post","locale":"ca","localeFull":"ca","overlayImages":{"play":{"name":"Play icon","url":"https:\/\/matteria.si\/wp-content\/plugins\/seo-by-rank-math\/assets\/admin\/img\/icon-play.png","path":"\/srv\/matteria.si\/wp-content\/plugins\/seo-by-rank-math\/assets\/admin\/img\/icon-play.png","position":"middle_center"},"gif":{"name":"GIF icon","url":"https:\/\/matteria.si\/wp-content\/plugins\/seo-by-rank-math\/assets\/admin\/img\/icon-gif.png","path":"\/srv\/matteria.si\/wp-content\/plugins\/seo-by-rank-math\/assets\/admin\/img\/icon-gif.png","position":"middle_center"}},"defautOgImage":"https:\/\/matteria.si\/wp-content\/plugins\/seo-by-rank-math\/assets\/admin\/img\/social-placeholder.jpg","customPermalinks":true,"isUserRegistered":false,"autoSuggestKeywords":false,"connectSiteUrl":"https:\/\/rankmath.com\/auth?site=https%3A%2F%2Fmatteria.si%2Fca%2F&r=https%3A%2F%2Fmatteria.si%2Fca%2Fwp-json%2Fwp%2Fv2%2Fpages%2F1430%3Fnonce%3Df430f000b4","maxTags":5,"trendsIcon":"<svg viewBox=\"0 0 610 610\"><path d=\"M18.85,446,174.32,290.48l58.08,58.08L76.93,504a14.54,14.54,0,0,1-20.55,0L18.83,466.48a14.54,14.54,0,0,1,0-20.55Z\" style=\"fill:#4285f4\"\/><path d=\"M242.65,242.66,377.59,377.6l-47.75,47.75a14.54,14.54,0,0,1-20.55,0L174.37,290.43l47.75-47.75A14.52,14.52,0,0,1,242.65,242.66Z\" style=\"fill:#ea4335\"\/><polygon points=\"319.53 319.53 479.26 159.8 537.34 217.88 377.61 377.62 319.53 319.53\" style=\"fill:#fabb05\"\/><path d=\"M594.26,262.73V118.61h0a16.94,16.94,0,0,0-16.94-16.94H433.2a16.94,16.94,0,0,0-12,28.92L565.34,274.71h0a16.94,16.94,0,0,0,28.92-12Z\" style=\"fill:#34a853\"\/><rect width=\"610\" height=\"610\" style=\"fill:none\"\/><\/svg>","showScore":true,"siteFavIcon":"https:\/\/matteria.si\/wp-content\/uploads\/2025\/01\/cropped-iso_matteria_mix_round-32x32.webp","canUser":{"general":false,"advanced":false,"snippet":false,"social":false,"analysis":false,"analytics":false,"content_ai":false},"showKeywordIntent":true,"isPro":false,"is_front_page":false,"trendsUpgradeLink":"https:\/\/rankmath.com\/pricing\/?utm_source=Plugin&utm_medium=CE%20General%20Tab%20Trends&utm_campaign=WP","trendsUpgradeLabel":"Upgrade","trendsPreviewImage":"https:\/\/matteria.si\/wp-content\/plugins\/seo-by-rank-math\/assets\/admin\/img\/trends-preview.jpg","currentEditor":false,"homepageData":{"assessor":{"powerWords":[],"diacritics":true,"researchesTests":["contentHasTOC","contentHasShortParagraphs","contentHasAssets","keywordInTitle","keywordInMetaDescription","keywordInPermalink","keywordIn10Percent","keywordInContent","keywordInSubheadings","keywordInImageAlt","keywordDensity","keywordNotUsed","lengthContent","lengthPermalink","linksHasInternal","linksHasExternals","linksNotAllExternals","titleStartWithKeyword","titleSentiment","titleHasPowerWords","titleHasNumber","hasContentAI"],"hasBreadcrumb":true,"serpData":{"title":"%sitename% %page% %sep% %sitedesc%","description":"","titleTemplate":"%sitename% %page% %sep% %sitedesc%","descriptionTemplate":"","focusKeywords":"","breadcrumbTitle":"Portada","robots":{"index":true},"advancedRobots":[],"facebookTitle":"","facebookDescription":"","facebookImage":"","facebookImageID":""}}},"tocTitle":"Table of Contents","tocExcludeHeadings":[],"listStyle":"ul"},"_links":{"self":[{"href":"https:\/\/matteria.si\/ca\/wp-json\/wp\/v2\/pages\/1430","targetHints":{"allow":["GET"]}}],"collection":[{"href":"https:\/\/matteria.si\/ca\/wp-json\/wp\/v2\/pages"}],"about":[{"href":"https:\/\/matteria.si\/ca\/wp-json\/wp\/v2\/types\/page"}],"author":[{"embeddable":true,"href":"https:\/\/matteria.si\/ca\/wp-json\/wp\/v2\/users\/1"}],"replies":[{"embeddable":true,"href":"https:\/\/matteria.si\/ca\/wp-json\/wp\/v2\/comments?post=1430"}],"version-history":[{"count":3,"href":"https:\/\/matteria.si\/ca\/wp-json\/wp\/v2\/pages\/1430\/revisions"}],"predecessor-version":[{"id":2167,"href":"https:\/\/matteria.si\/ca\/wp-json\/wp\/v2\/pages\/1430\/revisions\/2167"}],"wp:attachment":[{"href":"https:\/\/matteria.si\/ca\/wp-json\/wp\/v2\/media?parent=1430"}],"curies":[{"name":"wp","href":"https:\/\/api.w.org\/{rel}","templated":true}]}}